{"id":537,"date":"2026-02-09T09:31:56","date_gmt":"2026-02-09T09:31:56","guid":{"rendered":"https:\/\/teszt.magnoliaapartmanok.hu\/impresszum-paloc-haz\/"},"modified":"2026-02-10T09:20:11","modified_gmt":"2026-02-10T09:20:11","slug":"impresszum-budapest","status":"publish","type":"page","link":"https:\/\/teszt.magnoliaapartmanok.hu\/en\/impresszum-budapest\/","title":{"rendered":"Impresszum Budapest"},"content":{"rendered":"<div data-elementor-type=\"wp-page\" data-elementor-id=\"537\" class=\"elementor elementor-537\" data-elementor-post-type=\"page\">\n\t\t\t\t\t\t<section class=\"elementor-section elementor-top-section elementor-element elementor-element-58a8f14e elementor-section-full_width elementor-section-height-min-height elementor-section-items-stretch elementor-section-content-middle elementor-reverse-mobile elementor-section-height-default\" data-id=\"58a8f14e\" data-element_type=\"section\" data-e-type=\"section\" data-settings=\"{&quot;background_background&quot;:&quot;classic&quot;}\">\n\t\t\t\t\t\t<div class=\"elementor-container elementor-column-gap-no\">\n\t\t\t\t\t<div class=\"elementor-column elementor-col-100 elementor-top-column elementor-element elementor-element-7ea4b1c9\" data-id=\"7ea4b1c9\" data-element_type=\"column\" data-e-type=\"column\" data-settings=\"{&quot;background_background&quot;:&quot;classic&quot;}\">\n\t\t\t<div class=\"elementor-widget-wrap elementor-element-populated\">\n\t\t\t\t\t\t<div class=\"elementor-element elementor-element-72893ff elementor-invisible elementor-widget elementor-widget-heading\" data-id=\"72893ff\" data-element_type=\"widget\" data-e-type=\"widget\" data-settings=\"{&quot;_animation&quot;:&quot;fadeIn&quot;}\" data-widget_type=\"heading.default\">\n\t\t\t\t<div class=\"elementor-widget-container\">\n\t\t\t\t\t<h1 class=\"elementor-heading-title elementor-size-default\">Imprint<\/h1>\t\t\t\t<\/div>\n\t\t\t\t<\/div>\n\t\t\t\t<div class=\"elementor-element elementor-element-7194e80a elementor-widget elementor-widget-text-editor\" data-id=\"7194e80a\" data-element_type=\"widget\" data-e-type=\"widget\" data-widget_type=\"text-editor.default\">\n\t\t\t\t<div class=\"elementor-widget-container\">\n\t\t\t\t\t\t\t\t\t<p><span style=\"font-weight: 400;\">Name of the accomodation: Magnolia Apartments<\/span><\/p><p><span style=\"font-weight: 400;\">Address: 1117 Budapest Er\u0151m\u0171 u. 3 1\/4<\/span><\/p><p><span style=\"font-weight: 400;\">Accommodation NTAK number, accommodation type: MA24105597; private accommodation<\/span><\/p><p><span style=\"font-weight: 400;\">Contact information of the operator\/service provider:<\/span><\/p><p><span style=\"font-weight: 400;\">Name: Kucs Magdolna<\/span><\/p><p><span style=\"font-weight: 400;\">Phone: +36703731944<\/span><\/p><p><span style=\"font-weight: 400;\">E-mail: magnoliaapartmens@gmail.com<\/span><\/p><p><span style=\"font-weight: 400;\">Name: Kucs Magdolna<\/span><\/p><p><span style=\"font-weight: 400;\">Address of the operator\/service provider: 1117 Budapest Er\u0151m\u0171 u. 3 1\/4<\/span><\/p><p><span style=\"font-weight: 400;\">Tax no: 46303697-1-43<\/span><\/p><p><span style=\"font-weight: 400;\">Bank: 10102914-27877400-01000004<\/span><\/p><p><span style=\"font-weight: 400;\">IBAN: HU60101029142787740001000004<\/span><\/p><p><span style=\"font-weight: 400;\">BIC (SWIFT):BUDAHUHB<\/span><\/p><p><span style=\"font-weight: 400;\">Name of the website hosting provider:<\/span><\/p><p>T\u00e1rhely.eu Kft.<\/p><p><span style=\"font-weight: 400;\">Address of the website hosting provider:<\/span><\/p><p>1097\u00a0Budapest,\u00a0K\u00f6nyves K\u00e1lm\u00e1n k\u00f6r\u00fat 12-14.<\/p><p><span style=\"font-weight: 400;\">Contact of the website hosting provider:<\/span><\/p><p><a href=\"tel:+36 1 789-2-789\">+36 1 789-2-789<\/a><\/p><p>support@tarhely.eu<\/p><p>The website made by\u00a0<a href=\"https:\/\/vendeghazmarketing.hu\/\">Vend\u00e9gh\u00e1zMarketing<\/a>\u00a0with love<\/p>\t\t\t\t\t\t\t\t<\/div>\n\t\t\t\t<\/div>\n\t\t\t\t<div class=\"elementor-element elementor-element-9eea452 elementor-mobile-align-center elementor-widget elementor-widget-button\" data-id=\"9eea452\" data-element_type=\"widget\" data-e-type=\"widget\" data-widget_type=\"button.default\">\n\t\t\t\t<div class=\"elementor-widget-container\">\n\t\t\t\t\t\t\t\t\t<div class=\"elementor-button-wrapper\">\n\t\t\t\t\t<a class=\"elementor-button elementor-button-link elementor-size-sm\" href=\"https:\/\/teszt.magnoliaapartmanok.hu\/en\/home-budapest\/\">\n\t\t\t\t\t\t<span class=\"elementor-button-content-wrapper\">\n\t\t\t\t\t\t\t\t\t<span class=\"elementor-button-text\">back \u27f6<\/span>\n\t\t\t\t\t<\/span>\n\t\t\t\t\t<\/a>\n\t\t\t\t<\/div>\n\t\t\t\t\t\t\t\t<\/div>\n\t\t\t\t<\/div>\n\t\t\t\t\t<\/div>\n\t\t<\/div>\n\t\t\t\t\t<\/div>\n\t\t<\/section>\n\t\t\t\t<\/div>","protected":false},"excerpt":{"rendered":"<p>Impresszum Sz\u00e1ll\u00e1shely neve: Magn\u00f3lia Apartmanok Sz\u00e1ll\u00e1shely c\u00edme: 1117 Budapest Er\u0151m\u0171 u. 3 1\/4 Sz\u00e1ll\u00e1shely NTAK sz\u00e1ma, sz\u00e1ll\u00e1shely t\u00edpusa: MA24105597; mag\u00e1nsz\u00e1ll\u00e1shely Az \u00fczemeltet\u0151\/szolg\u00e1ltat\u00f3 el\u00e9rhet\u0151s\u00e9ge: N\u00e9v: Kucs Magdolna Telefonsz\u00e1m: +36703731944 E-mail c\u00edm: magnoliaapartmens@gmail.com Az \u00fczemeltet\u0151\/szolg\u00e1ltat\u00f3 neve: Kucs Magdolna Az \u00fczemeltet\u0151\/szolg\u00e1ltat\u00f3 sz\u00e9khelye: 1117 Budapest Er\u0151m\u0171 u. 3 1\/4 Az \u00fczemeltet\u0151\/szolg\u00e1ltat\u00f3 ad\u00f3sz\u00e1ma: 46303697-1-43 Az \u00fczemeltet\u0151\/szolg\u00e1ltat\u00f3 banksz\u00e1mlasz\u00e1ma:10102914-27877400-01000004 IBAN sz\u00e1m: HU60101029142787740001000004 [&hellip;]<\/p>\n","protected":false},"author":1,"featured_media":0,"parent":0,"menu_order":0,"comment_status":"closed","ping_status":"closed","template":"","meta":{"footnotes":""},"class_list":["post-537","page","type-page","status-publish","hentry"],"yoast_head":"<!-- This site is optimized with the Yoast SEO plugin v27.0 - https:\/\/yoast.com\/product\/yoast-seo-wordpress\/ -->\n<title>Impresszum Budapest - Magn\u00f3lia Apartmanok<\/title>\n<meta name=\"robots\" content=\"noindex, follow, max-snippet:-1, max-image-preview:large, max-video-preview:-1\" \/>\n<meta property=\"og:locale\" content=\"en_GB\" \/>\n<meta property=\"og:type\" content=\"article\" \/>\n<meta property=\"og:title\" content=\"Impresszum Budapest - Magn\u00f3lia Apartmanok\" \/>\n<meta property=\"og:description\" content=\"Impresszum Sz\u00e1ll\u00e1shely neve: Magn\u00f3lia Apartmanok Sz\u00e1ll\u00e1shely c\u00edme: 1117 Budapest Er\u0151m\u0171 u. 3 1\/4 Sz\u00e1ll\u00e1shely NTAK sz\u00e1ma, sz\u00e1ll\u00e1shely t\u00edpusa: MA24105597; mag\u00e1nsz\u00e1ll\u00e1shely Az \u00fczemeltet\u0151\/szolg\u00e1ltat\u00f3 el\u00e9rhet\u0151s\u00e9ge: N\u00e9v: Kucs Magdolna Telefonsz\u00e1m: +36703731944 E-mail c\u00edm: magnoliaapartmens@gmail.com Az \u00fczemeltet\u0151\/szolg\u00e1ltat\u00f3 neve: Kucs Magdolna Az \u00fczemeltet\u0151\/szolg\u00e1ltat\u00f3 sz\u00e9khelye: 1117 Budapest Er\u0151m\u0171 u. 3 1\/4 Az \u00fczemeltet\u0151\/szolg\u00e1ltat\u00f3 ad\u00f3sz\u00e1ma: 46303697-1-43 Az \u00fczemeltet\u0151\/szolg\u00e1ltat\u00f3 banksz\u00e1mlasz\u00e1ma:10102914-27877400-01000004 IBAN sz\u00e1m: HU60101029142787740001000004 [&hellip;]\" \/>\n<meta property=\"og:url\" content=\"https:\/\/teszt.magnoliaapartmanok.hu\/en\/impresszum-budapest\/\" \/>\n<meta property=\"og:site_name\" content=\"Magn\u00f3lia Apartmanok\" \/>\n<meta property=\"article:modified_time\" content=\"2026-02-10T09:20:11+00:00\" \/>\n<meta name=\"twitter:card\" content=\"summary_large_image\" \/>\n<meta name=\"twitter:label1\" content=\"Estimated reading time\" \/>\n\t<meta name=\"twitter:data1\" content=\"1 minute\" \/>\n<script type=\"application\/ld+json\" class=\"yoast-schema-graph\">{\"@context\":\"https:\/\/schema.org\",\"@graph\":[{\"@type\":\"WebPage\",\"@id\":\"https:\/\/teszt.magnoliaapartmanok.hu\/impresszum-budapest\/\",\"url\":\"https:\/\/teszt.magnoliaapartmanok.hu\/impresszum-budapest\/\",\"name\":\"Impresszum Budapest - Magn\u00f3lia Apartmanok\",\"isPartOf\":{\"@id\":\"https:\/\/teszt.magnoliaapartmanok.hu\/#website\"},\"datePublished\":\"2026-02-09T09:31:56+00:00\",\"dateModified\":\"2026-02-10T09:20:11+00:00\",\"breadcrumb\":{\"@id\":\"https:\/\/teszt.magnoliaapartmanok.hu\/impresszum-budapest\/#breadcrumb\"},\"inLanguage\":\"en-GB\",\"potentialAction\":[{\"@type\":\"ReadAction\",\"target\":[\"https:\/\/teszt.magnoliaapartmanok.hu\/impresszum-budapest\/\"]}]},{\"@type\":\"BreadcrumbList\",\"@id\":\"https:\/\/teszt.magnoliaapartmanok.hu\/impresszum-budapest\/#breadcrumb\",\"itemListElement\":[{\"@type\":\"ListItem\",\"position\":1,\"name\":\"Home\",\"item\":\"https:\/\/teszt.magnoliaapartmanok.hu\/\"},{\"@type\":\"ListItem\",\"position\":2,\"name\":\"Impresszum Budapest\"}]},{\"@type\":\"WebSite\",\"@id\":\"https:\/\/teszt.magnoliaapartmanok.hu\/#website\",\"url\":\"https:\/\/teszt.magnoliaapartmanok.hu\/\",\"name\":\"Magn\u00f3lia Apartmanok\",\"description\":\"Si&oacute;fok - Budapest\",\"publisher\":{\"@id\":\"https:\/\/teszt.magnoliaapartmanok.hu\/#organization\"},\"potentialAction\":[{\"@type\":\"SearchAction\",\"target\":{\"@type\":\"EntryPoint\",\"urlTemplate\":\"https:\/\/teszt.magnoliaapartmanok.hu\/?s={search_term_string}\"},\"query-input\":{\"@type\":\"PropertyValueSpecification\",\"valueRequired\":true,\"valueName\":\"search_term_string\"}}],\"inLanguage\":\"en-GB\"},{\"@type\":\"Organization\",\"@id\":\"https:\/\/teszt.magnoliaapartmanok.hu\/#organization\",\"name\":\"Magn\u00f3lia Apartmanok\",\"url\":\"https:\/\/teszt.magnoliaapartmanok.hu\/\",\"logo\":{\"@type\":\"ImageObject\",\"inLanguage\":\"en-GB\",\"@id\":\"https:\/\/teszt.magnoliaapartmanok.hu\/#\/schema\/logo\/image\/\",\"url\":\"https:\/\/teszt.magnoliaapartmanok.hu\/wp-content\/uploads\/2025\/05\/cropped-Magnolia-5.png\",\"contentUrl\":\"https:\/\/teszt.magnoliaapartmanok.hu\/wp-content\/uploads\/2025\/05\/cropped-Magnolia-5.png\",\"width\":1563,\"height\":886,\"caption\":\"Magn\u00f3lia Apartmanok\"},\"image\":{\"@id\":\"https:\/\/teszt.magnoliaapartmanok.hu\/#\/schema\/logo\/image\/\"}}]}<\/script>\n<!-- \/ Yoast SEO plugin. -->","yoast_head_json":{"title":"Impresszum Budapest - Magn\u00f3lia Apartmanok","robots":{"index":"noindex","follow":"follow","max-snippet":"max-snippet:-1","max-image-preview":"max-image-preview:large","max-video-preview":"max-video-preview:-1"},"og_locale":"en_GB","og_type":"article","og_title":"Impresszum Budapest - Magn\u00f3lia Apartmanok","og_description":"Impresszum Sz\u00e1ll\u00e1shely neve: Magn\u00f3lia Apartmanok Sz\u00e1ll\u00e1shely c\u00edme: 1117 Budapest Er\u0151m\u0171 u. 3 1\/4 Sz\u00e1ll\u00e1shely NTAK sz\u00e1ma, sz\u00e1ll\u00e1shely t\u00edpusa: MA24105597; mag\u00e1nsz\u00e1ll\u00e1shely Az \u00fczemeltet\u0151\/szolg\u00e1ltat\u00f3 el\u00e9rhet\u0151s\u00e9ge: N\u00e9v: Kucs Magdolna Telefonsz\u00e1m: +36703731944 E-mail c\u00edm: magnoliaapartmens@gmail.com Az \u00fczemeltet\u0151\/szolg\u00e1ltat\u00f3 neve: Kucs Magdolna Az \u00fczemeltet\u0151\/szolg\u00e1ltat\u00f3 sz\u00e9khelye: 1117 Budapest Er\u0151m\u0171 u. 3 1\/4 Az \u00fczemeltet\u0151\/szolg\u00e1ltat\u00f3 ad\u00f3sz\u00e1ma: 46303697-1-43 Az \u00fczemeltet\u0151\/szolg\u00e1ltat\u00f3 banksz\u00e1mlasz\u00e1ma:10102914-27877400-01000004 IBAN sz\u00e1m: HU60101029142787740001000004 [&hellip;]","og_url":"https:\/\/teszt.magnoliaapartmanok.hu\/en\/impresszum-budapest\/","og_site_name":"Magn\u00f3lia Apartmanok","article_modified_time":"2026-02-10T09:20:11+00:00","twitter_card":"summary_large_image","twitter_misc":{"Estimated reading time":"1 minute"},"schema":{"@context":"https:\/\/schema.org","@graph":[{"@type":"WebPage","@id":"https:\/\/teszt.magnoliaapartmanok.hu\/impresszum-budapest\/","url":"https:\/\/teszt.magnoliaapartmanok.hu\/impresszum-budapest\/","name":"Impresszum Budapest - Magn\u00f3lia Apartmanok","isPartOf":{"@id":"https:\/\/teszt.magnoliaapartmanok.hu\/#website"},"datePublished":"2026-02-09T09:31:56+00:00","dateModified":"2026-02-10T09:20:11+00:00","breadcrumb":{"@id":"https:\/\/teszt.magnoliaapartmanok.hu\/impresszum-budapest\/#breadcrumb"},"inLanguage":"en-GB","potentialAction":[{"@type":"ReadAction","target":["https:\/\/teszt.magnoliaapartmanok.hu\/impresszum-budapest\/"]}]},{"@type":"BreadcrumbList","@id":"https:\/\/teszt.magnoliaapartmanok.hu\/impresszum-budapest\/#breadcrumb","itemListElement":[{"@type":"ListItem","position":1,"name":"Home","item":"https:\/\/teszt.magnoliaapartmanok.hu\/"},{"@type":"ListItem","position":2,"name":"Impresszum Budapest"}]},{"@type":"WebSite","@id":"https:\/\/teszt.magnoliaapartmanok.hu\/#website","url":"https:\/\/teszt.magnoliaapartmanok.hu\/","name":"Magn\u00f3lia Apartmanok","description":"Si&oacute;fok - Budapest","publisher":{"@id":"https:\/\/teszt.magnoliaapartmanok.hu\/#organization"},"potentialAction":[{"@type":"SearchAction","target":{"@type":"EntryPoint","urlTemplate":"https:\/\/teszt.magnoliaapartmanok.hu\/?s={search_term_string}"},"query-input":{"@type":"PropertyValueSpecification","valueRequired":true,"valueName":"search_term_string"}}],"inLanguage":"en-GB"},{"@type":"Organization","@id":"https:\/\/teszt.magnoliaapartmanok.hu\/#organization","name":"Magn\u00f3lia Apartmanok","url":"https:\/\/teszt.magnoliaapartmanok.hu\/","logo":{"@type":"ImageObject","inLanguage":"en-GB","@id":"https:\/\/teszt.magnoliaapartmanok.hu\/#\/schema\/logo\/image\/","url":"https:\/\/teszt.magnoliaapartmanok.hu\/wp-content\/uploads\/2025\/05\/cropped-Magnolia-5.png","contentUrl":"https:\/\/teszt.magnoliaapartmanok.hu\/wp-content\/uploads\/2025\/05\/cropped-Magnolia-5.png","width":1563,"height":886,"caption":"Magn\u00f3lia Apartmanok"},"image":{"@id":"https:\/\/teszt.magnoliaapartmanok.hu\/#\/schema\/logo\/image\/"}}]}},"_links":{"self":[{"href":"https:\/\/teszt.magnoliaapartmanok.hu\/en\/wp-json\/wp\/v2\/pages\/537","targetHints":{"allow":["GET"]}}],"collection":[{"href":"https:\/\/teszt.magnoliaapartmanok.hu\/en\/wp-json\/wp\/v2\/pages"}],"about":[{"href":"https:\/\/teszt.magnoliaapartmanok.hu\/en\/wp-json\/wp\/v2\/types\/page"}],"author":[{"embeddable":true,"href":"https:\/\/teszt.magnoliaapartmanok.hu\/en\/wp-json\/wp\/v2\/users\/1"}],"replies":[{"embeddable":true,"href":"https:\/\/teszt.magnoliaapartmanok.hu\/en\/wp-json\/wp\/v2\/comments?post=537"}],"version-history":[{"count":0,"href":"https:\/\/teszt.magnoliaapartmanok.hu\/en\/wp-json\/wp\/v2\/pages\/537\/revisions"}],"wp:attachment":[{"href":"https:\/\/teszt.magnoliaapartmanok.hu\/en\/wp-json\/wp\/v2\/media?parent=537"}],"curies":[{"name":"wp","href":"https:\/\/api.w.org\/{rel}","templated":true}]}}