{"id":505,"date":"2026-02-09T09:30:41","date_gmt":"2026-02-09T09:30:41","guid":{"rendered":"https:\/\/teszt.magnoliaapartmanok.hu\/hazirend-paloc-haz\/"},"modified":"2026-02-10T10:04:58","modified_gmt":"2026-02-10T10:04:58","slug":"hazirend-budapest","status":"publish","type":"page","link":"https:\/\/teszt.magnoliaapartmanok.hu\/en\/hazirend-budapest\/","title":{"rendered":"H\u00e1zirend Budapest"},"content":{"rendered":"<div data-elementor-type=\"wp-page\" data-elementor-id=\"505\" class=\"elementor elementor-505\" data-elementor-post-type=\"page\">\n\t\t\t\t\t\t<section class=\"elementor-section elementor-top-section elementor-element elementor-element-367e9d94 elementor-section-height-min-height elementor-section-items-stretch elementor-section-content-middle elementor-section-boxed elementor-section-height-default\" data-id=\"367e9d94\" data-element_type=\"section\" data-e-type=\"section\" data-settings=\"{&quot;background_background&quot;:&quot;classic&quot;}\">\n\t\t\t\t\t\t<div class=\"elementor-container elementor-column-gap-no\">\n\t\t\t\t\t<div class=\"elementor-column elementor-col-100 elementor-top-column elementor-element elementor-element-5a22cb49\" data-id=\"5a22cb49\" data-element_type=\"column\" data-e-type=\"column\">\n\t\t\t<div class=\"elementor-widget-wrap elementor-element-populated\">\n\t\t\t\t\t\t<div class=\"elementor-element elementor-element-5f3160ee elementor-invisible elementor-widget elementor-widget-heading\" data-id=\"5f3160ee\" data-element_type=\"widget\" data-e-type=\"widget\" data-settings=\"{&quot;_animation&quot;:&quot;fadeIn&quot;}\" data-widget_type=\"heading.default\">\n\t\t\t\t<div class=\"elementor-widget-container\">\n\t\t\t\t\t<h1 class=\"elementor-heading-title elementor-size-default\">House rules<\/h1>\t\t\t\t<\/div>\n\t\t\t\t<\/div>\n\t\t\t\t\t<\/div>\n\t\t<\/div>\n\t\t\t\t\t<\/div>\n\t\t<\/section>\n\t\t\t\t<section class=\"elementor-section elementor-top-section elementor-element elementor-element-679a13f9 elementor-section-full_width elementor-section-height-min-height elementor-section-items-stretch elementor-section-content-middle elementor-section-height-default\" data-id=\"679a13f9\" data-element_type=\"section\" data-e-type=\"section\" data-settings=\"{&quot;background_background&quot;:&quot;classic&quot;}\">\n\t\t\t\t\t\t<div class=\"elementor-container elementor-column-gap-no\">\n\t\t\t\t\t<div class=\"elementor-column elementor-col-100 elementor-top-column elementor-element elementor-element-2606b09a\" data-id=\"2606b09a\" data-element_type=\"column\" data-e-type=\"column\">\n\t\t\t<div class=\"elementor-widget-wrap elementor-element-populated\">\n\t\t\t\t\t\t<div class=\"elementor-element elementor-element-3344e380 elementor-widget-divider--view-line elementor-widget elementor-widget-divider\" data-id=\"3344e380\" data-element_type=\"widget\" data-e-type=\"widget\" data-widget_type=\"divider.default\">\n\t\t\t\t<div class=\"elementor-widget-container\">\n\t\t\t\t\t\t\t<div class=\"elementor-divider\">\n\t\t\t<span class=\"elementor-divider-separator\">\n\t\t\t\t\t\t<\/span>\n\t\t<\/div>\n\t\t\t\t\t\t<\/div>\n\t\t\t\t<\/div>\n\t\t\t\t<div class=\"elementor-element elementor-element-2a92766e elementor-widget elementor-widget-text-editor\" data-id=\"2a92766e\" data-element_type=\"widget\" data-e-type=\"widget\" data-widget_type=\"text-editor.default\">\n\t\t\t\t<div class=\"elementor-widget-container\">\n\t\t\t\t\t\t\t\t\t<p><span style=\"font-weight: 400;\">Kedves Vend\u00e9g\u00fcnk!<\/span><\/p><p><span style=\"font-weight: 400;\">K\u00f6sz\u00f6nj\u00fck, hogy sz\u00e1ll\u00e1shely\u00fcnket v\u00e1lasztotta pihen\u00e9s\u00e9hez! K\u00e9rj\u00fck, hogy sz\u00e1njanak id\u0151t az al\u00e1bbi h\u00e1zirend \u00e1tolvas\u00e1s\u00e1ra, amely a zavartalan pihen\u00e9s \u00e9s a kellemes \u00e9lm\u00e9nyek biztos\u00edt\u00e1sa \u00e9rdek\u00e9ben ker\u00fclt \u00f6ssze\u00e1ll\u00edt\u00e1sra:\u00a0<\/span><\/p><ol><li><span style=\"font-weight: 400;\">A szob\u00e1kat \u00e9rkez\u00e9si napon 14:00-20:00 \u00f3r\u00e1ig biztos\u00edtjuk. Az ett\u0151l elt\u00e9r\u0151 bejelentkez\u00e9sre fel\u00e1rat sz\u00e1molunk fel melynek m\u00e9rt\u00e9ke (3.000 HUF.-\/apartman). T\u00e1voz\u00e1si napon a szob\u00e1t 08:00-10:00 \u00f3r\u00e1ig, k\u00e9rj\u00fck elhagyni. Az ett\u0151l elt\u00e9r\u0151 ig\u00e9nybev\u00e9telre is van lehet\u0151s\u00e9g a szobafoglalts\u00e1g f\u00fcggv\u00e9ny\u00e9ben, melyet minden esetben az \u00e9rkez\u00e9s el\u0151tt legal\u00e1bb egy nappal tudunk elfogadni kiz\u00e1r\u00f3lag \u00edr\u00e1sban. A korai \u00e9rkez\u00e9s \u00e9s k\u00e9s\u0151i elutaz\u00e1s d\u00edjaz\u00e1s\u00e1r\u00f3l elektronikus lev\u00e9lben \u00e9rtes\u00edtj\u00fck. Az \u00e9rkez\u00e9si napon a foglalt sz\u00e1ll\u00e1shelyet 20:00 \u00f3r\u00e1ig tartjuk fent, egy\u00e9bk\u00e9nt \u00e9rt\u00e9kes\u00edt\u00e9sre ker\u00fcl! A teljes r\u00e9szv\u00e9teli d\u00edj alatt az el\u0151re lefoglalt napokat \u00e9rtj\u00fck, abban az esetben, ha \u00fagy d\u00f6ntenek, az itt tart\u00f3zkod\u00e1st el\u0151bb szak\u00edtj\u00e1k meg, nem \u00e1ll m\u00f3dunkban a p\u00e9nzt visszafizetni. A kulcs \u00e1tv\u00e9tele szem\u00e9lyesen t\u00f6rt\u00e9nik.<\/span><\/li><li><span style=\"font-weight: 400;\">A Vend\u00e9gek a regisztr\u00e1l\u00e1s sor\u00e1n az elektronikus bejelent\u0151 lap (vagy Vend\u00e9gnyilv\u00e1ntart\u00f3 k\u00f6nyv) illetve egy \u00fagynevezett felel\u0151ss\u00e9gi nyilatkozat pontos kit\u00f6lt\u00e9se \u00e9s al\u00e1\u00edr\u00e1sa mellett a helysz\u00ednen az \u00e9rkez\u00e9si napon fizetend\u0151 t\u00e9telek kiegyenl\u00edt\u00e9se ut\u00e1n kapj\u00e1k meg minden esetben a kulcsot! Az \u00e9rkez\u00e9si napon a fennmarad\u00f3 sz\u00e1ll\u00e1sd\u00edj, a helyi idegenforgalmi ad\u00f3 (804 Ft \/ \u00e9jszaka \/ f\u0151) \u00e9s a kauci\u00f3 megfizet\u00e9se sz\u00fcks\u00e9ges. \u00dajbuda \u00d6nkorm\u00e1nyzat k\u00e9pvisel\u0151 test\u00fclet\u00e9nek idegenforgalmi ad\u00f3r\u00f3l sz\u00f3l\u00f3 \u00f6nkorm\u00e1nyzati rendelete \u00e9rtelm\u00e9ben a vend\u00e9gnyilv\u00e1ntart\u00e1snak tartalmaznia kell a sz\u00e1ll\u00e1shelyet ig\u00e9nybe vev\u0151 szem\u00e9ly nev\u00e9t, lakc\u00edm\u00e9t, \u00e1llampolg\u00e1rs\u00e1g\u00e1t, \u00fatlevel\u00e9nek vagy szem\u00e9ly igazolv\u00e1ny\u00e1nak sorsz\u00e1m\u00e1t, meg\u00e9rkez\u00e9s\u00e9nek \u00e9s t\u00e1voz\u00e1s\u00e1nak idej\u00e9t, a sz\u00e1ll\u00e1shelyen elt\u00f6lt\u00f6tt napok sz\u00e1m\u00e1t, az ad\u00f3mentess\u00e9gre jogos\u00edt\u00f3 tart\u00f3zkod\u00e1s pontos megjel\u00f6l\u00e9s\u00e9t. A viselked\u00e9s- \u00e9s karbantart\u00e1sb\u00e9li szab\u00e1lyok tiszteletben tart\u00e1sa \u00e9s az apartmanok helyes, c\u00e9lszer\u0171 haszn\u00e1lata \u00e9rdek\u00e9ben a Szolg\u00e1ltat\u00f3 fenntartja mag\u00e1nak a jogot 50.000.- Ft \u00f6sszeg\u0171 kauci\u00f3 k\u00e9r\u00e9s\u00e9re. A kauci\u00f3t a Szolg\u00e1ltat\u00f3 az indul\u00e1s napj\u00e1n az apartman ellen\u0151rz\u00e9s\u00e9t k\u00f6vet\u0151en visszaszolg\u00e1ltatja, amennyiben a Vend\u00e9g a sz\u00e1ll\u00e1shelyet hi\u00e1nytalanul \u00e9s k\u00e1r keletkez\u00e9se n\u00e9lk\u00fcl adja vissza.\u00a0<\/span><\/li><li><b>A sz\u00e1ll\u00e1shelyen doh\u00e1nyozni tilos. (Elektromos cigarett\u00e1ra \u00e9s IQOS-ra is vonatkozik!)\u00a0<\/b><\/li><li><b>A sz\u00e1ll\u00e1shelyre tilos bevinni b\u00e1rmif\u00e9le gy\u00fal\u00e9kony anyagot, eszk\u00f6zt!<\/b><\/li><li><b>T\u0171z eset\u00e9n a bej\u00e1rati ajt\u00f3 mellett tal\u00e1lhat\u00f3 porolt\u00f3 k\u00e9sz\u00fcl\u00e9kkel, azonnal kezdje a ment\u00e9st \u00e9s h\u00edvja a t\u0171zolt\u00f3kat 105-\u00f6s sz\u00e1mon majd azt k\u00f6vet\u0151en a sz\u00e1ll\u00e1sad\u00f3t! <\/b><\/li><li><span style=\"font-weight: 400;\">Az apartmanban csak a regisztr\u00e1lt Vend\u00e9gek tart\u00f3zkodhatnak. K\u00e9rj\u00fck, l\u00e1togat\u00f3ikat az apartmanon k\u00edv\u00fcl sz\u00edveskedjenek fogadni. A csendrendeletre \u00e9s a szomsz\u00e9dokra val\u00f3 tekintettel k\u00e9rj\u00fck, mindenf\u00e9le zajos tev\u00e9kenys\u00e9get legyenek sz\u00edvesek mell\u0151zni! Tov\u00e1bb\u00e1 k\u00e9rj\u00fck, hogy \u00e9jszakai, illetve hajnali haza\u00e9rkez\u00e9skor csendben k\u00f6zlekedjenek!<\/span><\/li><li><span style=\"font-weight: 400;\">A Vend\u00e9geink sz\u00e1m\u00e1ra a parkol\u00e1s k\u00f6zter\u00fcleten lehets\u00e9ges t\u00e9r\u00edt\u00e9s ellen\u00e9ben! <\/span><\/li><li><span style=\"font-weight: 400;\">Egy\u00e9b, az apartmanok felszerelts\u00e9g\u00e9hez nem tartoz\u00f3 elektromos s\u00fct\u0151- \u00e9s f\u0151z\u0151berendez\u00e9st haszn\u00e1lni tilos \u00e9s vesz\u00e9lyes! Amennyiben b\u00e1rmilyen nem\u0171 meghib\u00e1sod\u00e1st \u00e9szlel, k\u00e9rj\u00fck, halad\u00e9ktalanul jelezze sz\u00e1munkra a megadott el\u00e9rhet\u0151s\u00e9gen!<\/span><\/li><li><span style=\"font-weight: 400;\">Az apartman bels\u0151 l\u00e9gterei sem doh\u00e1nyz\u00f3 ter\u00fcletek, ny\u00edlt l\u00e1ng haszn\u00e1lata tilos! Az apartmanban t\u00f6rt\u00e9n\u0151 doh\u00e1nyz\u00e1s eset\u00e9n a Szolg\u00e1ltat\u00f3 jogosult 220.000,- Ft extra takar\u00edt\u00e1si d\u00edjat felsz\u00e1m\u00edtani a Vend\u00e9ggel szemben \u00e9s a kauci\u00f3 \u00f6sszeg\u00e9b\u0151l levonhat\u00f3!\u00a0<\/span><\/li><li><span style=\"font-weight: 400;\">Vend\u00e9geinknek \u00e1gynem\u0171t, t\u00f6r\u00fclk\u00f6z\u0151t \u00e9s heti egyszeri takar\u00edt\u00e1st biztos\u00edtunk.<\/span><\/li><li><span style=\"font-weight: 400;\">Az apartmanok b\u00fatorait \u00e9s egy\u00e9b eszk\u00f6zeit, haszn\u00e1lati t\u00e1rgyait; egy\u00e9b berendez\u00e9si t\u00e1rgyait \u00e1trendezni, \u00e1thelyezni \u00e9s elmozd\u00edtani szigor\u00faan tilos!\u00a0<\/span><\/li><li><span style=\"font-weight: 400;\">Az apartman elhagy\u00e1sakor k\u00e9rj\u00fck, minden esetben az apartmanok ny\u00edl\u00e1sz\u00e1r\u00f3it (ajt\u00f3k \u00e9s ablakok) z\u00e1rj\u00e1k, minden elektromos eszk\u00f6z \u00e1ramtalan\u00edt\u00f3s\u00e1r\u00f3l gondoskodjanak, v\u00edzcsapokat pedig sz\u00edveskedjenek elz\u00e1rni.<\/span><\/li><li><span style=\"font-weight: 400;\">Az apartmanok h\u0171t\u0151-f\u0171t\u0151 berendez\u00e9ssel ell\u00e1tottak, a h\u0171t\u00e9s-f\u0171t\u00e9s hat\u00e9konys\u00e1ga \u00e9rdek\u00e9ben az ablakokat minden esetben z\u00e1rva kell tartani. Ellenkez\u0151 esetben azok m\u0171k\u00f6d\u00e9s\u00e9t megtagadhatjuk \u00e9s p\u00e9nzbeli visszat\u00e9r\u00edt\u00e9sre nincs lehet\u0151s\u00e9g!\u00a0<\/span><\/li><li><span style=\"font-weight: 400;\">A szemetet az apartmanokban elhelyezett szem\u00e9tgy\u0171jt\u0151 ed\u00e9nyekbe k\u00e9rj\u00fck kidobni, ezeket a komplexum ter\u00fclet\u00e9n tal\u00e1lhat\u00f3 gy\u0171jt\u0151kben \u00fcr\u00edteni k\u00f6telesek Vend\u00e9geink! Tov\u00e1bb\u00e1 az apartmanok ter\u00fclet\u00e9t, annak berendez\u00e9seinek \u00e9s t\u00e1rgyainak az elv\u00e1rhat\u00f3 tisztas\u00e1g\u00e1t k\u00f6teles meg\u0151rizni, ellenkez\u0151 esetben a Szolg\u00e1ltat\u00f3 jogosult 10.000,- Ft v\u00e9gtakar\u00edt\u00e1si d\u00edjat felsz\u00e1m\u00edtani a Vend\u00e9ggel szemben.\u00a0<\/span><\/li><li><span style=\"font-weight: 400;\">Az apartman ter\u00fclet\u00e9n l\u00e9v\u0151 eszk\u00f6z\u00f6ket, berendez\u00e9seket sz\u00e1ll\u00f3vend\u00e9gek kiz\u00e1r\u00f3lag saj\u00e1t felel\u0151ss\u00e9g\u00e9re haszn\u00e1lhatj\u00e1k, a kif\u00fcggesztett haszn\u00e1lati\/kezel\u00e9si \u00fatmutat\u00f3kban le\u00edrtak k\u00f6telez\u0151 \u00e9rv\u00e9ny\u0171 betart\u00e1sa mellett.\u00a0<\/span><\/li><li><span style=\"font-weight: 400;\">Az apartmanokat eszk\u00f6zeit, berendez\u00e9si t\u00e1rgyait haszn\u00e1l\u00f3 Vend\u00e9gek a rendeltet\u00e9sellenes haszn\u00e1lat sor\u00e1n bek\u00f6vetkezett k\u00e1rokoz\u00e1s\u00e9rt egyetemlegesen felelnek. Gondatlans\u00e1gb\u00f3l, vagy sz\u00e1nd\u00e9kosan okozott k\u00e1rt a sz\u00e1ll\u00e1shely az okoz\u00f3val megt\u00e9r\u00edtteti.\u00a0<\/span><\/li><li><span style=\"font-weight: 400;\">A sz\u00e1ll\u00f3vend\u00e9gnek k\u00f6teless\u00e9ge gondoskodni a felel\u0151ss\u00e9ge al\u00e1 tartoz\u00f3 18 \u00e9v alatti gyermek fel\u00fcgyelet\u00e9r\u0151l.\u00a0<\/span><\/li><li><span style=\"font-weight: 400;\">A Vend\u00e9g (ide\u00e9rtve a Vend\u00e9ggel egy\u00fctt utaz\u00f3 szem\u00e9lyeket is) k\u00f6teles a sz\u00e1ll\u00e1shely \u00e9p\u00fclet\u00e9t \u00e9s annak k\u00f6zvetlen k\u00f6rnyezet\u00e9t rendeltet\u00e9s-szer\u0171en \u00e9s a t\u00f6bbi sz\u00e1ll\u00f3vend\u00e9g sz\u00fcks\u00e9gtelen zavar\u00e1sa n\u00e9lk\u00fcl haszn\u00e1lni.\u00a0<\/span><\/li><li><span style=\"font-weight: 400;\">A sz\u00e1ll\u00e1shely nem fogad \u00e1llatokat (kutya, macska, \u2026\u2026stb.).. Amennyiben a vend\u00e9g el\u0151zetes bejelent\u00e9s n\u00e9lk\u00fcl h\u00e1zi\u00e1llatot hoz a sz\u00e1ll\u00e1shely ter\u00fclet\u00e9re, akkor a Szolg\u00e1ltat\u00f3 50.000,- Ft extra fel\u00e1r kisz\u00e1ml\u00e1z\u00e1s\u00e1ra jogosult, \u00e9s a h\u00e1zi\u00e1llat \u00e1ltal okozott k\u00e1rok valamint az extra takar\u00edt\u00e1s k\u00f6lts\u00e9g\u00e9t is kisz\u00e1ml\u00e1zza.<\/span><\/li><li><span style=\"font-weight: 400;\">A szob\u00e1kban hagyott szem\u00e9lyes t\u00e1rgyak\u00e9rt felel\u0151ss\u00e9get nem v\u00e1llalunk!<\/span><\/li><li><span style=\"font-weight: 400;\">Lehet\u0151s\u00e9g van szelekt\u00edven gy\u0171jteni a hullad\u00e9kot! K\u00e9rj\u00fck, a m\u0171anyagot, alum\u00edniumot \u00e9s pap\u00edrt az e c\u00e9lra kihelyezett k\u00e9k sz\u00edn\u0171 kuk\u00e1ba helyezz\u00e9k. Kommun\u00e1lis hullad\u00e9k a fekete sz\u00edn\u0171 kuk\u00e1ban helyezhet\u0151 el!<\/span><\/li><li><span style=\"font-weight: 400;\">A WIFI a sz\u00e1ll\u00e1shelyen kihelyezett k\u00f3d \u00e1ltal el\u00e9rhet\u0151.<\/span><\/li><\/ol><p><b>B\u00e1rmilyen panaszt figyelembe vesz\u00fcnk, \u00e9s megoldunk szem\u00e9lyesen, munkaid\u0151ben 08.00-t\u0151l 20.00-ig. Ilyenkor k\u00e9rj\u00fck, h\u00edvjanak a k\u00f6vetkez\u0151 telefonsz\u00e1mon: Kucs Magdolna, +36 70 3731944.\u00a0<\/b><\/p><p><i><span style=\"font-weight: 400;\">Kellemes kikapcsol\u00f3d\u00e1st \u00e9s j\u00f3 pihen\u00e9st k\u00edv\u00e1nunk!<\/span><\/i><\/p><p><span style=\"font-weight: 400;\">Wi-fi\u00a0 k\u00f3d a router h\u00e1tulj\u00e1n megtal\u00e1lhat\u00f3.<\/span><\/p>\t\t\t\t\t\t\t\t<\/div>\n\t\t\t\t<\/div>\n\t\t\t\t\t<\/div>\n\t\t<\/div>\n\t\t\t\t\t<\/div>\n\t\t<\/section>\n\t\t<div class=\"elementor-element elementor-element-1662fb4a e-flex e-con-boxed e-con e-parent\" data-id=\"1662fb4a\" data-element_type=\"container\" data-e-type=\"container\">\n\t\t\t\t\t<div class=\"e-con-inner\">\n\t\t\t\t<div class=\"elementor-element elementor-element-6ebce747 elementor-align-center elementor-widget elementor-widget-button\" data-id=\"6ebce747\" data-element_type=\"widget\" data-e-type=\"widget\" data-widget_type=\"button.default\">\n\t\t\t\t<div class=\"elementor-widget-container\">\n\t\t\t\t\t\t\t\t\t<div class=\"elementor-button-wrapper\">\n\t\t\t\t\t<a class=\"elementor-button elementor-button-link elementor-size-sm elementor-animation-sink\" href=\"https:\/\/teszt.magnoliaapartmanok.hu\/en\/home-budapest\/\">\n\t\t\t\t\t\t<span class=\"elementor-button-content-wrapper\">\n\t\t\t\t\t\t\t\t\t<span class=\"elementor-button-text\">Visszal\u00e9p\u00e9s  \u27f6<\/span>\n\t\t\t\t\t<\/span>\n\t\t\t\t\t<\/a>\n\t\t\t\t<\/div>\n\t\t\t\t\t\t\t\t<\/div>\n\t\t\t\t<\/div>\n\t\t\t\t\t<\/div>\n\t\t\t\t<\/div>\n\t\t\t\t<\/div>","protected":false},"excerpt":{"rendered":"<p>H\u00e1zirend Kedves Vend\u00e9g\u00fcnk! K\u00f6sz\u00f6nj\u00fck, hogy sz\u00e1ll\u00e1shely\u00fcnket v\u00e1lasztotta pihen\u00e9s\u00e9hez! K\u00e9rj\u00fck, hogy sz\u00e1njanak id\u0151t az al\u00e1bbi h\u00e1zirend \u00e1tolvas\u00e1s\u00e1ra, amely a zavartalan pihen\u00e9s \u00e9s a kellemes \u00e9lm\u00e9nyek biztos\u00edt\u00e1sa \u00e9rdek\u00e9ben ker\u00fclt \u00f6ssze\u00e1ll\u00edt\u00e1sra:\u00a0 A szob\u00e1kat \u00e9rkez\u00e9si napon 14:00-20:00 \u00f3r\u00e1ig biztos\u00edtjuk. Az ett\u0151l elt\u00e9r\u0151 bejelentkez\u00e9sre fel\u00e1rat sz\u00e1molunk fel melynek m\u00e9rt\u00e9ke (3.000 HUF.-\/apartman). T\u00e1voz\u00e1si napon a szob\u00e1t 08:00-10:00 \u00f3r\u00e1ig, k\u00e9rj\u00fck elhagyni. Az [&hellip;]<\/p>\n","protected":false},"author":1,"featured_media":0,"parent":0,"menu_order":0,"comment_status":"closed","ping_status":"closed","template":"","meta":{"footnotes":""},"class_list":["post-505","page","type-page","status-publish","hentry"],"yoast_head":"<!-- This site is optimized with the Yoast SEO plugin v27.0 - https:\/\/yoast.com\/product\/yoast-seo-wordpress\/ -->\n<title>H\u00e1zirend Budapest - Magn\u00f3lia Apartmanok<\/title>\n<meta name=\"robots\" content=\"noindex, follow, max-snippet:-1, max-image-preview:large, max-video-preview:-1\" \/>\n<meta property=\"og:locale\" content=\"en_GB\" \/>\n<meta property=\"og:type\" content=\"article\" \/>\n<meta property=\"og:title\" content=\"H\u00e1zirend Budapest - Magn\u00f3lia Apartmanok\" \/>\n<meta property=\"og:description\" content=\"H\u00e1zirend Kedves Vend\u00e9g\u00fcnk! K\u00f6sz\u00f6nj\u00fck, hogy sz\u00e1ll\u00e1shely\u00fcnket v\u00e1lasztotta pihen\u00e9s\u00e9hez! K\u00e9rj\u00fck, hogy sz\u00e1njanak id\u0151t az al\u00e1bbi h\u00e1zirend \u00e1tolvas\u00e1s\u00e1ra, amely a zavartalan pihen\u00e9s \u00e9s a kellemes \u00e9lm\u00e9nyek biztos\u00edt\u00e1sa \u00e9rdek\u00e9ben ker\u00fclt \u00f6ssze\u00e1ll\u00edt\u00e1sra:\u00a0 A szob\u00e1kat \u00e9rkez\u00e9si napon 14:00-20:00 \u00f3r\u00e1ig biztos\u00edtjuk. Az ett\u0151l elt\u00e9r\u0151 bejelentkez\u00e9sre fel\u00e1rat sz\u00e1molunk fel melynek m\u00e9rt\u00e9ke (3.000 HUF.-\/apartman). T\u00e1voz\u00e1si napon a szob\u00e1t 08:00-10:00 \u00f3r\u00e1ig, k\u00e9rj\u00fck elhagyni. Az [&hellip;]\" \/>\n<meta property=\"og:url\" content=\"https:\/\/teszt.magnoliaapartmanok.hu\/en\/hazirend-budapest\/\" \/>\n<meta property=\"og:site_name\" content=\"Magn\u00f3lia Apartmanok\" \/>\n<meta property=\"article:modified_time\" content=\"2026-02-10T10:04:58+00:00\" \/>\n<meta name=\"twitter:card\" content=\"summary_large_image\" \/>\n<meta name=\"twitter:label1\" content=\"Estimated reading time\" \/>\n\t<meta name=\"twitter:data1\" content=\"5 minutes\" \/>\n<script type=\"application\/ld+json\" class=\"yoast-schema-graph\">{\"@context\":\"https:\/\/schema.org\",\"@graph\":[{\"@type\":\"WebPage\",\"@id\":\"https:\/\/teszt.magnoliaapartmanok.hu\/hazirend-budapest\/\",\"url\":\"https:\/\/teszt.magnoliaapartmanok.hu\/hazirend-budapest\/\",\"name\":\"H\u00e1zirend Budapest - Magn\u00f3lia Apartmanok\",\"isPartOf\":{\"@id\":\"https:\/\/teszt.magnoliaapartmanok.hu\/#website\"},\"datePublished\":\"2026-02-09T09:30:41+00:00\",\"dateModified\":\"2026-02-10T10:04:58+00:00\",\"breadcrumb\":{\"@id\":\"https:\/\/teszt.magnoliaapartmanok.hu\/hazirend-budapest\/#breadcrumb\"},\"inLanguage\":\"en-GB\",\"potentialAction\":[{\"@type\":\"ReadAction\",\"target\":[\"https:\/\/teszt.magnoliaapartmanok.hu\/hazirend-budapest\/\"]}]},{\"@type\":\"BreadcrumbList\",\"@id\":\"https:\/\/teszt.magnoliaapartmanok.hu\/hazirend-budapest\/#breadcrumb\",\"itemListElement\":[{\"@type\":\"ListItem\",\"position\":1,\"name\":\"Home\",\"item\":\"https:\/\/teszt.magnoliaapartmanok.hu\/\"},{\"@type\":\"ListItem\",\"position\":2,\"name\":\"H\u00e1zirend Budapest\"}]},{\"@type\":\"WebSite\",\"@id\":\"https:\/\/teszt.magnoliaapartmanok.hu\/#website\",\"url\":\"https:\/\/teszt.magnoliaapartmanok.hu\/\",\"name\":\"Magn\u00f3lia Apartmanok\",\"description\":\"Si&oacute;fok - Budapest\",\"publisher\":{\"@id\":\"https:\/\/teszt.magnoliaapartmanok.hu\/#organization\"},\"potentialAction\":[{\"@type\":\"SearchAction\",\"target\":{\"@type\":\"EntryPoint\",\"urlTemplate\":\"https:\/\/teszt.magnoliaapartmanok.hu\/?s={search_term_string}\"},\"query-input\":{\"@type\":\"PropertyValueSpecification\",\"valueRequired\":true,\"valueName\":\"search_term_string\"}}],\"inLanguage\":\"en-GB\"},{\"@type\":\"Organization\",\"@id\":\"https:\/\/teszt.magnoliaapartmanok.hu\/#organization\",\"name\":\"Magn\u00f3lia Apartmanok\",\"url\":\"https:\/\/teszt.magnoliaapartmanok.hu\/\",\"logo\":{\"@type\":\"ImageObject\",\"inLanguage\":\"en-GB\",\"@id\":\"https:\/\/teszt.magnoliaapartmanok.hu\/#\/schema\/logo\/image\/\",\"url\":\"https:\/\/teszt.magnoliaapartmanok.hu\/wp-content\/uploads\/2025\/05\/cropped-Magnolia-5.png\",\"contentUrl\":\"https:\/\/teszt.magnoliaapartmanok.hu\/wp-content\/uploads\/2025\/05\/cropped-Magnolia-5.png\",\"width\":1563,\"height\":886,\"caption\":\"Magn\u00f3lia Apartmanok\"},\"image\":{\"@id\":\"https:\/\/teszt.magnoliaapartmanok.hu\/#\/schema\/logo\/image\/\"}}]}<\/script>\n<!-- \/ Yoast SEO plugin. -->","yoast_head_json":{"title":"H\u00e1zirend Budapest - Magn\u00f3lia Apartmanok","robots":{"index":"noindex","follow":"follow","max-snippet":"max-snippet:-1","max-image-preview":"max-image-preview:large","max-video-preview":"max-video-preview:-1"},"og_locale":"en_GB","og_type":"article","og_title":"H\u00e1zirend Budapest - Magn\u00f3lia Apartmanok","og_description":"H\u00e1zirend Kedves Vend\u00e9g\u00fcnk! K\u00f6sz\u00f6nj\u00fck, hogy sz\u00e1ll\u00e1shely\u00fcnket v\u00e1lasztotta pihen\u00e9s\u00e9hez! K\u00e9rj\u00fck, hogy sz\u00e1njanak id\u0151t az al\u00e1bbi h\u00e1zirend \u00e1tolvas\u00e1s\u00e1ra, amely a zavartalan pihen\u00e9s \u00e9s a kellemes \u00e9lm\u00e9nyek biztos\u00edt\u00e1sa \u00e9rdek\u00e9ben ker\u00fclt \u00f6ssze\u00e1ll\u00edt\u00e1sra:\u00a0 A szob\u00e1kat \u00e9rkez\u00e9si napon 14:00-20:00 \u00f3r\u00e1ig biztos\u00edtjuk. Az ett\u0151l elt\u00e9r\u0151 bejelentkez\u00e9sre fel\u00e1rat sz\u00e1molunk fel melynek m\u00e9rt\u00e9ke (3.000 HUF.-\/apartman). T\u00e1voz\u00e1si napon a szob\u00e1t 08:00-10:00 \u00f3r\u00e1ig, k\u00e9rj\u00fck elhagyni. Az [&hellip;]","og_url":"https:\/\/teszt.magnoliaapartmanok.hu\/en\/hazirend-budapest\/","og_site_name":"Magn\u00f3lia Apartmanok","article_modified_time":"2026-02-10T10:04:58+00:00","twitter_card":"summary_large_image","twitter_misc":{"Estimated reading time":"5 minutes"},"schema":{"@context":"https:\/\/schema.org","@graph":[{"@type":"WebPage","@id":"https:\/\/teszt.magnoliaapartmanok.hu\/hazirend-budapest\/","url":"https:\/\/teszt.magnoliaapartmanok.hu\/hazirend-budapest\/","name":"H\u00e1zirend Budapest - Magn\u00f3lia Apartmanok","isPartOf":{"@id":"https:\/\/teszt.magnoliaapartmanok.hu\/#website"},"datePublished":"2026-02-09T09:30:41+00:00","dateModified":"2026-02-10T10:04:58+00:00","breadcrumb":{"@id":"https:\/\/teszt.magnoliaapartmanok.hu\/hazirend-budapest\/#breadcrumb"},"inLanguage":"en-GB","potentialAction":[{"@type":"ReadAction","target":["https:\/\/teszt.magnoliaapartmanok.hu\/hazirend-budapest\/"]}]},{"@type":"BreadcrumbList","@id":"https:\/\/teszt.magnoliaapartmanok.hu\/hazirend-budapest\/#breadcrumb","itemListElement":[{"@type":"ListItem","position":1,"name":"Home","item":"https:\/\/teszt.magnoliaapartmanok.hu\/"},{"@type":"ListItem","position":2,"name":"H\u00e1zirend Budapest"}]},{"@type":"WebSite","@id":"https:\/\/teszt.magnoliaapartmanok.hu\/#website","url":"https:\/\/teszt.magnoliaapartmanok.hu\/","name":"Magn\u00f3lia Apartmanok","description":"Si&oacute;fok - Budapest","publisher":{"@id":"https:\/\/teszt.magnoliaapartmanok.hu\/#organization"},"potentialAction":[{"@type":"SearchAction","target":{"@type":"EntryPoint","urlTemplate":"https:\/\/teszt.magnoliaapartmanok.hu\/?s={search_term_string}"},"query-input":{"@type":"PropertyValueSpecification","valueRequired":true,"valueName":"search_term_string"}}],"inLanguage":"en-GB"},{"@type":"Organization","@id":"https:\/\/teszt.magnoliaapartmanok.hu\/#organization","name":"Magn\u00f3lia Apartmanok","url":"https:\/\/teszt.magnoliaapartmanok.hu\/","logo":{"@type":"ImageObject","inLanguage":"en-GB","@id":"https:\/\/teszt.magnoliaapartmanok.hu\/#\/schema\/logo\/image\/","url":"https:\/\/teszt.magnoliaapartmanok.hu\/wp-content\/uploads\/2025\/05\/cropped-Magnolia-5.png","contentUrl":"https:\/\/teszt.magnoliaapartmanok.hu\/wp-content\/uploads\/2025\/05\/cropped-Magnolia-5.png","width":1563,"height":886,"caption":"Magn\u00f3lia Apartmanok"},"image":{"@id":"https:\/\/teszt.magnoliaapartmanok.hu\/#\/schema\/logo\/image\/"}}]}},"_links":{"self":[{"href":"https:\/\/teszt.magnoliaapartmanok.hu\/en\/wp-json\/wp\/v2\/pages\/505","targetHints":{"allow":["GET"]}}],"collection":[{"href":"https:\/\/teszt.magnoliaapartmanok.hu\/en\/wp-json\/wp\/v2\/pages"}],"about":[{"href":"https:\/\/teszt.magnoliaapartmanok.hu\/en\/wp-json\/wp\/v2\/types\/page"}],"author":[{"embeddable":true,"href":"https:\/\/teszt.magnoliaapartmanok.hu\/en\/wp-json\/wp\/v2\/users\/1"}],"replies":[{"embeddable":true,"href":"https:\/\/teszt.magnoliaapartmanok.hu\/en\/wp-json\/wp\/v2\/comments?post=505"}],"version-history":[{"count":0,"href":"https:\/\/teszt.magnoliaapartmanok.hu\/en\/wp-json\/wp\/v2\/pages\/505\/revisions"}],"wp:attachment":[{"href":"https:\/\/teszt.magnoliaapartmanok.hu\/en\/wp-json\/wp\/v2\/media?parent=505"}],"curies":[{"name":"wp","href":"https:\/\/api.w.org\/{rel}","templated":true}]}}