{"id":258,"date":"2025-11-21T15:36:26","date_gmt":"2025-11-21T15:36:26","guid":{"rendered":"https:\/\/teszt.magnoliaapartmanok.hu\/valassz\/"},"modified":"2026-02-11T09:01:38","modified_gmt":"2026-02-11T09:01:38","slug":"valassz","status":"publish","type":"page","link":"https:\/\/teszt.magnoliaapartmanok.hu\/en\/","title":{"rendered":"V\u00e1lassz"},"content":{"rendered":"<div data-elementor-type=\"wp-page\" data-elementor-id=\"258\" class=\"elementor elementor-258\" data-elementor-post-type=\"page\">\n\t\t\t\t<div class=\"elementor-element elementor-element-3ff6d36 e-flex e-con-boxed e-con e-parent\" data-id=\"3ff6d36\" data-element_type=\"container\" data-e-type=\"container\" data-settings=\"{&quot;background_background&quot;:&quot;classic&quot;}\">\n\t\t\t\t\t<div class=\"e-con-inner\">\n\t\t\t\t<div class=\"elementor-element elementor-element-d9c6298 elementor-widget elementor-widget-image\" data-id=\"d9c6298\" data-element_type=\"widget\" data-e-type=\"widget\" data-widget_type=\"image.default\">\n\t\t\t\t<div class=\"elementor-widget-container\">\n\t\t\t\t\t\t\t\t\t\t\t\t\t\t\t<img fetchpriority=\"high\" decoding=\"async\" width=\"800\" height=\"453\" src=\"https:\/\/teszt.magnoliaapartmanok.hu\/wp-content\/uploads\/2025\/05\/cropped-Magnolia-5-1024x580.png\" class=\"attachment-large size-large wp-image-18\" alt=\"\" srcset=\"https:\/\/teszt.magnoliaapartmanok.hu\/wp-content\/uploads\/2025\/05\/cropped-Magnolia-5-1024x580.png 1024w, https:\/\/teszt.magnoliaapartmanok.hu\/wp-content\/uploads\/2025\/05\/cropped-Magnolia-5-300x170.png 300w, https:\/\/teszt.magnoliaapartmanok.hu\/wp-content\/uploads\/2025\/05\/cropped-Magnolia-5-768x435.png 768w, https:\/\/teszt.magnoliaapartmanok.hu\/wp-content\/uploads\/2025\/05\/cropped-Magnolia-5-1536x871.png 1536w, https:\/\/teszt.magnoliaapartmanok.hu\/wp-content\/uploads\/2025\/05\/cropped-Magnolia-5.png 1563w\" sizes=\"(max-width: 800px) 100vw, 800px\" \/>\t\t\t\t\t\t\t\t\t\t\t\t\t\t\t<\/div>\n\t\t\t\t<\/div>\n\t\t\t\t\t<\/div>\n\t\t\t\t<\/div>\n\t\t\t\t<section class=\"elementor-section elementor-top-section elementor-element elementor-element-57cf215 elementor-section-full_width elementor-section-height-min-height elementor-section-height-default elementor-section-items-middle\" data-id=\"57cf215\" data-element_type=\"section\" data-e-type=\"section\">\n\t\t\t\t\t\t<div class=\"elementor-container elementor-column-gap-default\">\n\t\t\t\t\t<div class=\"elementor-column elementor-col-50 elementor-top-column elementor-element elementor-element-691a7475\" data-id=\"691a7475\" data-element_type=\"column\" data-e-type=\"column\">\n\t\t\t<div class=\"elementor-widget-wrap elementor-element-populated\">\n\t\t\t\t\t\t<div class=\"elementor-element elementor-element-20a578b8 elementor--h-position-center elementor--v-position-middle elementor-pagination-position-inside elementor-widget elementor-widget-slides\" data-id=\"20a578b8\" data-element_type=\"widget\" data-e-type=\"widget\" data-settings=\"{&quot;navigation&quot;:&quot;dots&quot;,&quot;transition&quot;:&quot;fade&quot;,&quot;autoplay&quot;:&quot;yes&quot;,&quot;autoplay_speed&quot;:5000,&quot;infinite&quot;:&quot;yes&quot;,&quot;transition_speed&quot;:500}\" data-widget_type=\"slides.default\">\n\t\t\t\t<div class=\"elementor-widget-container\">\n\t\t\t\t\t\t\t\t\t<div class=\"elementor-swiper\">\n\t\t\t\t\t<div class=\"elementor-slides-wrapper elementor-main-swiper swiper\" role=\"region\" aria-roledescription=\"carousel\" aria-label=\"Slides\" dir=\"ltr\" data-animation=\"\">\n\t\t\t\t<div class=\"swiper-wrapper elementor-slides\">\n\t\t\t\t\t\t\t\t\t\t<div class=\"elementor-repeater-item-348228a swiper-slide\" role=\"group\" aria-roledescription=\"slide\"><div class=\"swiper-slide-bg\" role=\"img\" aria-label=\"IMG_2818\"><\/div><a class=\"swiper-slide-inner\" href=\"https:\/\/teszt.magnoliaapartmanok.hu\/en\/home-budapest\/\"><div class=\"swiper-slide-contents\"><div  class=\"elementor-button elementor-slide-button elementor-size-xl\">\u2190 MAGN\u00d3LIA BUDAPEST <\/div><\/div><\/a><\/div><div class=\"elementor-repeater-item-9127c12 swiper-slide\" role=\"group\" aria-roledescription=\"slide\"><div class=\"swiper-slide-bg\" role=\"img\" aria-label=\"IMG_9827\"><\/div><a class=\"swiper-slide-inner\" href=\"https:\/\/teszt.magnoliaapartmanok.hu\/en\/home-budapest\/\"><div class=\"swiper-slide-contents\"><div  class=\"elementor-button elementor-slide-button elementor-size-xl\">\u2190 MAGN\u00d3LIA BUDAPEST <\/div><\/div><\/a><\/div><div class=\"elementor-repeater-item-29b47bf swiper-slide\" role=\"group\" aria-roledescription=\"slide\"><div class=\"swiper-slide-bg\" role=\"img\" aria-label=\"IMG_9821\"><\/div><a class=\"swiper-slide-inner\" href=\"https:\/\/teszt.magnoliaapartmanok.hu\/en\/home-budapest\/\"><div class=\"swiper-slide-contents\"><div  class=\"elementor-button elementor-slide-button elementor-size-xl\">\u2190 MAGN\u00d3LIA BUDAPEST <\/div><\/div><\/a><\/div>\t\t\t\t<\/div>\n\t\t\t\t\t\t\t\t\t\t\t\t\t\t\t\t\t\t\t\t<div class=\"swiper-pagination\"><\/div>\n\t\t\t\t\t\t\t\t\t\t\t\t<\/div>\n\t\t\t\t<\/div>\n\t\t\t\t\t\t\t\t<\/div>\n\t\t\t\t<\/div>\n\t\t\t\t\t<\/div>\n\t\t<\/div>\n\t\t\t\t<div class=\"elementor-column elementor-col-50 elementor-top-column elementor-element elementor-element-7d74e752\" data-id=\"7d74e752\" data-element_type=\"column\" data-e-type=\"column\">\n\t\t\t<div class=\"elementor-widget-wrap elementor-element-populated\">\n\t\t\t\t\t\t<div class=\"elementor-element elementor-element-5618c1d8 elementor--h-position-center elementor--v-position-middle elementor-pagination-position-inside elementor-widget elementor-widget-slides\" data-id=\"5618c1d8\" data-element_type=\"widget\" data-e-type=\"widget\" data-settings=\"{&quot;navigation&quot;:&quot;dots&quot;,&quot;transition&quot;:&quot;fade&quot;,&quot;autoplay&quot;:&quot;yes&quot;,&quot;autoplay_speed&quot;:5000,&quot;infinite&quot;:&quot;yes&quot;,&quot;transition_speed&quot;:500}\" data-widget_type=\"slides.default\">\n\t\t\t\t<div class=\"elementor-widget-container\">\n\t\t\t\t\t\t\t\t\t<div class=\"elementor-swiper\">\n\t\t\t\t\t<div class=\"elementor-slides-wrapper elementor-main-swiper swiper\" role=\"region\" aria-roledescription=\"carousel\" aria-label=\"Slides\" dir=\"ltr\" data-animation=\"\">\n\t\t\t\t<div class=\"swiper-wrapper elementor-slides\">\n\t\t\t\t\t\t\t\t\t\t<div class=\"elementor-repeater-item-348228a swiper-slide\" role=\"group\" aria-roledescription=\"slide\"><div class=\"swiper-slide-bg\" role=\"img\" aria-label=\"2\"><\/div><a class=\"swiper-slide-inner\" href=\"https:\/\/teszt.magnoliaapartmanok.hu\/en\/hamarosan-siofok\/\"><div class=\"swiper-slide-contents\"><div  class=\"elementor-button elementor-slide-button elementor-size-xl\">MAGN\u00d3LIA SI\u00d3FOK \u2192<\/div><\/div><\/a><\/div><div class=\"elementor-repeater-item-9127c12 swiper-slide\" role=\"group\" aria-roledescription=\"slide\"><div class=\"swiper-slide-bg\" role=\"img\" aria-label=\"1\"><\/div><a class=\"swiper-slide-inner\" href=\"https:\/\/teszt.magnoliaapartmanok.hu\/en\/hamarosan-siofok\/\"><div class=\"swiper-slide-contents\"><div  class=\"elementor-button elementor-slide-button elementor-size-xl\">MAGN\u00d3LIA SI\u00d3FOK \u2192<\/div><\/div><\/a><\/div>\t\t\t\t<\/div>\n\t\t\t\t\t\t\t\t\t\t\t\t\t\t\t\t\t\t\t\t<div class=\"swiper-pagination\"><\/div>\n\t\t\t\t\t\t\t\t\t\t\t\t<\/div>\n\t\t\t\t<\/div>\n\t\t\t\t\t\t\t\t<\/div>\n\t\t\t\t<\/div>\n\t\t\t\t\t<\/div>\n\t\t<\/div>\n\t\t\t\t\t<\/div>\n\t\t<\/section>\n\t\t\t\t<\/div>","protected":false},"excerpt":{"rendered":"<p>\u2190 MAGN\u00d3LIA BUDAPEST \u2190 MAGN\u00d3LIA BUDAPEST \u2190 MAGN\u00d3LIA BUDAPEST MAGN\u00d3LIA SI\u00d3FOK \u2192MAGN\u00d3LIA SI\u00d3FOK \u2192<\/p>","protected":false},"author":1,"featured_media":0,"parent":0,"menu_order":0,"comment_status":"closed","ping_status":"closed","template":"elementor_canvas","meta":{"footnotes":""},"class_list":["post-258","page","type-page","status-publish","hentry"],"yoast_head":"<!-- This site is optimized with the Yoast SEO plugin v27.0 - https:\/\/yoast.com\/product\/yoast-seo-wordpress\/ -->\n<title>V\u00e1lassz - Magn\u00f3lia Apartmanok<\/title>\n<meta name=\"robots\" content=\"noindex, follow, max-snippet:-1, max-image-preview:large, max-video-preview:-1\" \/>\n<meta property=\"og:locale\" content=\"en_GB\" \/>\n<meta property=\"og:type\" content=\"article\" \/>\n<meta property=\"og:title\" content=\"V\u00e1lassz - Magn\u00f3lia Apartmanok\" \/>\n<meta property=\"og:description\" content=\"\u2190 MAGN\u00d3LIA BUDAPEST \u2190 MAGN\u00d3LIA BUDAPEST \u2190 MAGN\u00d3LIA BUDAPEST MAGN\u00d3LIA SI\u00d3FOK \u2192MAGN\u00d3LIA SI\u00d3FOK \u2192\" \/>\n<meta property=\"og:url\" content=\"https:\/\/teszt.magnoliaapartmanok.hu\/en\/\" \/>\n<meta property=\"og:site_name\" content=\"Magn\u00f3lia Apartmanok\" \/>\n<meta property=\"article:modified_time\" content=\"2026-02-11T09:01:38+00:00\" \/>\n<meta property=\"og:image\" content=\"https:\/\/teszt.magnoliaapartmanok.hu\/wp-content\/uploads\/2025\/05\/cropped-Magnolia-5.png\" \/>\n\t<meta property=\"og:image:width\" content=\"1563\" \/>\n\t<meta property=\"og:image:height\" content=\"886\" \/>\n\t<meta property=\"og:image:type\" content=\"image\/png\" \/>\n<meta name=\"twitter:card\" content=\"summary_large_image\" \/>\n<meta name=\"twitter:label1\" content=\"Estimated reading time\" \/>\n\t<meta name=\"twitter:data1\" content=\"1 minute\" \/>\n<script type=\"application\/ld+json\" class=\"yoast-schema-graph\">{\"@context\":\"https:\/\/schema.org\",\"@graph\":[{\"@type\":\"WebPage\",\"@id\":\"https:\/\/teszt.magnoliaapartmanok.hu\/\",\"url\":\"https:\/\/teszt.magnoliaapartmanok.hu\/\",\"name\":\"V\u00e1lassz - Magn\u00f3lia Apartmanok\",\"isPartOf\":{\"@id\":\"https:\/\/teszt.magnoliaapartmanok.hu\/#website\"},\"primaryImageOfPage\":{\"@id\":\"https:\/\/teszt.magnoliaapartmanok.hu\/#primaryimage\"},\"image\":{\"@id\":\"https:\/\/teszt.magnoliaapartmanok.hu\/#primaryimage\"},\"thumbnailUrl\":\"https:\/\/teszt.magnoliaapartmanok.hu\/wp-content\/uploads\/2025\/05\/cropped-Magnolia-5-1024x580.png\",\"datePublished\":\"2025-11-21T15:36:26+00:00\",\"dateModified\":\"2026-02-11T09:01:38+00:00\",\"breadcrumb\":{\"@id\":\"https:\/\/teszt.magnoliaapartmanok.hu\/#breadcrumb\"},\"inLanguage\":\"en-GB\",\"potentialAction\":[{\"@type\":\"ReadAction\",\"target\":[\"https:\/\/teszt.magnoliaapartmanok.hu\/\"]}]},{\"@type\":\"ImageObject\",\"inLanguage\":\"en-GB\",\"@id\":\"https:\/\/teszt.magnoliaapartmanok.hu\/#primaryimage\",\"url\":\"https:\/\/teszt.magnoliaapartmanok.hu\/wp-content\/uploads\/2025\/05\/cropped-Magnolia-5-1024x580.png\",\"contentUrl\":\"https:\/\/teszt.magnoliaapartmanok.hu\/wp-content\/uploads\/2025\/05\/cropped-Magnolia-5-1024x580.png\"},{\"@type\":\"BreadcrumbList\",\"@id\":\"https:\/\/teszt.magnoliaapartmanok.hu\/#breadcrumb\",\"itemListElement\":[{\"@type\":\"ListItem\",\"position\":1,\"name\":\"Home\",\"item\":\"https:\/\/teszt.magnoliaapartmanok.hu\/\"},{\"@type\":\"ListItem\",\"position\":2,\"name\":\"V\u00e1lassz\"}]},{\"@type\":\"WebSite\",\"@id\":\"https:\/\/teszt.magnoliaapartmanok.hu\/#website\",\"url\":\"https:\/\/teszt.magnoliaapartmanok.hu\/\",\"name\":\"Magn\u00f3lia Apartmanok\",\"description\":\"Si&oacute;fok - Budapest\",\"publisher\":{\"@id\":\"https:\/\/teszt.magnoliaapartmanok.hu\/#organization\"},\"potentialAction\":[{\"@type\":\"SearchAction\",\"target\":{\"@type\":\"EntryPoint\",\"urlTemplate\":\"https:\/\/teszt.magnoliaapartmanok.hu\/?s={search_term_string}\"},\"query-input\":{\"@type\":\"PropertyValueSpecification\",\"valueRequired\":true,\"valueName\":\"search_term_string\"}}],\"inLanguage\":\"en-GB\"},{\"@type\":\"Organization\",\"@id\":\"https:\/\/teszt.magnoliaapartmanok.hu\/#organization\",\"name\":\"Magn\u00f3lia Apartmanok\",\"url\":\"https:\/\/teszt.magnoliaapartmanok.hu\/\",\"logo\":{\"@type\":\"ImageObject\",\"inLanguage\":\"en-GB\",\"@id\":\"https:\/\/teszt.magnoliaapartmanok.hu\/#\/schema\/logo\/image\/\",\"url\":\"https:\/\/teszt.magnoliaapartmanok.hu\/wp-content\/uploads\/2025\/05\/cropped-Magnolia-5.png\",\"contentUrl\":\"https:\/\/teszt.magnoliaapartmanok.hu\/wp-content\/uploads\/2025\/05\/cropped-Magnolia-5.png\",\"width\":1563,\"height\":886,\"caption\":\"Magn\u00f3lia Apartmanok\"},\"image\":{\"@id\":\"https:\/\/teszt.magnoliaapartmanok.hu\/#\/schema\/logo\/image\/\"}}]}<\/script>\n<!-- \/ Yoast SEO plugin. -->","yoast_head_json":{"title":"V\u00e1lassz - Magn\u00f3lia Apartmanok","robots":{"index":"noindex","follow":"follow","max-snippet":"max-snippet:-1","max-image-preview":"max-image-preview:large","max-video-preview":"max-video-preview:-1"},"og_locale":"en_GB","og_type":"article","og_title":"V\u00e1lassz - Magn\u00f3lia Apartmanok","og_description":"\u2190 MAGN\u00d3LIA BUDAPEST \u2190 MAGN\u00d3LIA BUDAPEST \u2190 MAGN\u00d3LIA BUDAPEST MAGN\u00d3LIA SI\u00d3FOK \u2192MAGN\u00d3LIA SI\u00d3FOK \u2192","og_url":"https:\/\/teszt.magnoliaapartmanok.hu\/en\/","og_site_name":"Magn\u00f3lia Apartmanok","article_modified_time":"2026-02-11T09:01:38+00:00","og_image":[{"width":1563,"height":886,"url":"https:\/\/teszt.magnoliaapartmanok.hu\/wp-content\/uploads\/2025\/05\/cropped-Magnolia-5.png","type":"image\/png"}],"twitter_card":"summary_large_image","twitter_misc":{"Estimated reading time":"1 minute"},"schema":{"@context":"https:\/\/schema.org","@graph":[{"@type":"WebPage","@id":"https:\/\/teszt.magnoliaapartmanok.hu\/","url":"https:\/\/teszt.magnoliaapartmanok.hu\/","name":"V\u00e1lassz - Magn\u00f3lia Apartmanok","isPartOf":{"@id":"https:\/\/teszt.magnoliaapartmanok.hu\/#website"},"primaryImageOfPage":{"@id":"https:\/\/teszt.magnoliaapartmanok.hu\/#primaryimage"},"image":{"@id":"https:\/\/teszt.magnoliaapartmanok.hu\/#primaryimage"},"thumbnailUrl":"https:\/\/teszt.magnoliaapartmanok.hu\/wp-content\/uploads\/2025\/05\/cropped-Magnolia-5-1024x580.png","datePublished":"2025-11-21T15:36:26+00:00","dateModified":"2026-02-11T09:01:38+00:00","breadcrumb":{"@id":"https:\/\/teszt.magnoliaapartmanok.hu\/#breadcrumb"},"inLanguage":"en-GB","potentialAction":[{"@type":"ReadAction","target":["https:\/\/teszt.magnoliaapartmanok.hu\/"]}]},{"@type":"ImageObject","inLanguage":"en-GB","@id":"https:\/\/teszt.magnoliaapartmanok.hu\/#primaryimage","url":"https:\/\/teszt.magnoliaapartmanok.hu\/wp-content\/uploads\/2025\/05\/cropped-Magnolia-5-1024x580.png","contentUrl":"https:\/\/teszt.magnoliaapartmanok.hu\/wp-content\/uploads\/2025\/05\/cropped-Magnolia-5-1024x580.png"},{"@type":"BreadcrumbList","@id":"https:\/\/teszt.magnoliaapartmanok.hu\/#breadcrumb","itemListElement":[{"@type":"ListItem","position":1,"name":"Home","item":"https:\/\/teszt.magnoliaapartmanok.hu\/"},{"@type":"ListItem","position":2,"name":"V\u00e1lassz"}]},{"@type":"WebSite","@id":"https:\/\/teszt.magnoliaapartmanok.hu\/#website","url":"https:\/\/teszt.magnoliaapartmanok.hu\/","name":"Magn\u00f3lia Apartmanok","description":"Si&oacute;fok - Budapest","publisher":{"@id":"https:\/\/teszt.magnoliaapartmanok.hu\/#organization"},"potentialAction":[{"@type":"SearchAction","target":{"@type":"EntryPoint","urlTemplate":"https:\/\/teszt.magnoliaapartmanok.hu\/?s={search_term_string}"},"query-input":{"@type":"PropertyValueSpecification","valueRequired":true,"valueName":"search_term_string"}}],"inLanguage":"en-GB"},{"@type":"Organization","@id":"https:\/\/teszt.magnoliaapartmanok.hu\/#organization","name":"Magn\u00f3lia Apartmanok","url":"https:\/\/teszt.magnoliaapartmanok.hu\/","logo":{"@type":"ImageObject","inLanguage":"en-GB","@id":"https:\/\/teszt.magnoliaapartmanok.hu\/#\/schema\/logo\/image\/","url":"https:\/\/teszt.magnoliaapartmanok.hu\/wp-content\/uploads\/2025\/05\/cropped-Magnolia-5.png","contentUrl":"https:\/\/teszt.magnoliaapartmanok.hu\/wp-content\/uploads\/2025\/05\/cropped-Magnolia-5.png","width":1563,"height":886,"caption":"Magn\u00f3lia Apartmanok"},"image":{"@id":"https:\/\/teszt.magnoliaapartmanok.hu\/#\/schema\/logo\/image\/"}}]}},"_links":{"self":[{"href":"https:\/\/teszt.magnoliaapartmanok.hu\/en\/wp-json\/wp\/v2\/pages\/258","targetHints":{"allow":["GET"]}}],"collection":[{"href":"https:\/\/teszt.magnoliaapartmanok.hu\/en\/wp-json\/wp\/v2\/pages"}],"about":[{"href":"https:\/\/teszt.magnoliaapartmanok.hu\/en\/wp-json\/wp\/v2\/types\/page"}],"author":[{"embeddable":true,"href":"https:\/\/teszt.magnoliaapartmanok.hu\/en\/wp-json\/wp\/v2\/users\/1"}],"replies":[{"embeddable":true,"href":"https:\/\/teszt.magnoliaapartmanok.hu\/en\/wp-json\/wp\/v2\/comments?post=258"}],"version-history":[{"count":0,"href":"https:\/\/teszt.magnoliaapartmanok.hu\/en\/wp-json\/wp\/v2\/pages\/258\/revisions"}],"wp:attachment":[{"href":"https:\/\/teszt.magnoliaapartmanok.hu\/en\/wp-json\/wp\/v2\/media?parent=258"}],"curies":[{"name":"wp","href":"https:\/\/api.w.org\/{rel}","templated":true}]}}