{"id":540,"date":"2026-02-09T09:31:57","date_gmt":"2026-02-09T09:31:57","guid":{"rendered":"https:\/\/teszt.magnoliaapartmanok.hu\/adatkezelesi-tajekoztato-paloc-haz\/"},"modified":"2026-02-09T13:00:23","modified_gmt":"2026-02-09T13:00:23","slug":"adatkezelesi-tajekoztato-budapest","status":"publish","type":"page","link":"https:\/\/teszt.magnoliaapartmanok.hu\/de\/adatkezelesi-tajekoztato-budapest\/","title":{"rendered":"Adatkezel\u00e9si t\u00e1j\u00e9koztat\u00f3 Budapest"},"content":{"rendered":"<div data-elementor-type=\"wp-page\" data-elementor-id=\"540\" class=\"elementor elementor-540\" data-elementor-post-type=\"page\">\n\t\t\t\t\t\t<section class=\"elementor-section elementor-top-section elementor-element elementor-element-5b3b37d5 elementor-section-height-min-height elementor-section-items-stretch elementor-section-content-middle elementor-section-boxed elementor-section-height-default\" data-id=\"5b3b37d5\" data-element_type=\"section\" data-e-type=\"section\" data-settings=\"{&quot;background_background&quot;:&quot;classic&quot;}\">\n\t\t\t\t\t\t<div class=\"elementor-container elementor-column-gap-no\">\n\t\t\t\t\t<div class=\"elementor-column elementor-col-100 elementor-top-column elementor-element elementor-element-7dcedd91\" data-id=\"7dcedd91\" data-element_type=\"column\" data-e-type=\"column\">\n\t\t\t<div class=\"elementor-widget-wrap elementor-element-populated\">\n\t\t\t\t\t\t<div class=\"elementor-element elementor-element-4fa9c1d8 elementor-invisible elementor-widget elementor-widget-heading\" data-id=\"4fa9c1d8\" data-element_type=\"widget\" data-e-type=\"widget\" data-settings=\"{&quot;_animation&quot;:&quot;fadeIn&quot;}\" data-widget_type=\"heading.default\">\n\t\t\t\t<div class=\"elementor-widget-container\">\n\t\t\t\t\t<h1 class=\"elementor-heading-title elementor-size-default\">Adatkezel\u00e9si t\u00e1jkoztat\u00f3<\/h1>\t\t\t\t<\/div>\n\t\t\t\t<\/div>\n\t\t\t\t\t<\/div>\n\t\t<\/div>\n\t\t\t\t\t<\/div>\n\t\t<\/section>\n\t\t\t\t<section class=\"elementor-section elementor-top-section elementor-element elementor-element-6ecf7124 elementor-section-full_width elementor-section-height-min-height elementor-section-items-stretch elementor-section-content-middle elementor-section-height-default\" data-id=\"6ecf7124\" data-element_type=\"section\" data-e-type=\"section\">\n\t\t\t\t\t\t<div class=\"elementor-container elementor-column-gap-no\">\n\t\t\t\t\t<div class=\"elementor-column elementor-col-100 elementor-top-column elementor-element elementor-element-302600ee\" data-id=\"302600ee\" data-element_type=\"column\" data-e-type=\"column\">\n\t\t\t<div class=\"elementor-widget-wrap elementor-element-populated\">\n\t\t\t\t\t\t<div class=\"elementor-element elementor-element-792ee793 elementor-widget-divider--view-line elementor-widget elementor-widget-divider\" data-id=\"792ee793\" data-element_type=\"widget\" data-e-type=\"widget\" data-widget_type=\"divider.default\">\n\t\t\t\t<div class=\"elementor-widget-container\">\n\t\t\t\t\t\t\t<div class=\"elementor-divider\">\n\t\t\t<span class=\"elementor-divider-separator\">\n\t\t\t\t\t\t<\/span>\n\t\t<\/div>\n\t\t\t\t\t\t<\/div>\n\t\t\t\t<\/div>\n\t\t\t\t<div class=\"elementor-element elementor-element-2a436d8 elementor-widget elementor-widget-text-editor\" data-id=\"2a436d8\" data-element_type=\"widget\" data-e-type=\"widget\" data-widget_type=\"text-editor.default\">\n\t\t\t\t<div class=\"elementor-widget-container\">\n\t\t\t\t\t\t\t\t\t<p>Lorem ipsum dolor sit amet, consectetur adipiscing elit, sed do eiusmod tempor incididunt ut labore et dolore magna aliqua. Ut enim ad minim veniam, quis nostrud exercitation ullamco laboris nisi ut aliquip ex ea commodo consequat. Duis aute irure dolor in reprehenderit in voluptate velit esse cillum dolore eu fugiat nulla pariatur. Excepteur sint occaecat cupidatat non proident, sunt in culpa qui officia deserunt mollit anim id est laborum.<\/p>\t\t\t\t\t\t\t\t<\/div>\n\t\t\t\t<\/div>\n\t\t\t\t\t<\/div>\n\t\t<\/div>\n\t\t\t\t\t<\/div>\n\t\t<\/section>\n\t\t<div class=\"elementor-element elementor-element-2efca906 e-flex e-con-boxed e-con e-parent\" data-id=\"2efca906\" data-element_type=\"container\" data-e-type=\"container\">\n\t\t\t\t\t<div class=\"e-con-inner\">\n\t\t\t\t<div class=\"elementor-element elementor-element-33a186ab elementor-align-center elementor-widget elementor-widget-button\" data-id=\"33a186ab\" data-element_type=\"widget\" data-e-type=\"widget\" data-widget_type=\"button.default\">\n\t\t\t\t<div class=\"elementor-widget-container\">\n\t\t\t\t\t\t\t\t\t<div class=\"elementor-button-wrapper\">\n\t\t\t\t\t<a class=\"elementor-button elementor-button-link elementor-size-sm elementor-animation-sink\" href=\"https:\/\/teszt.magnoliaapartmanok.hu\/de\/home-budapest\/\">\n\t\t\t\t\t\t<span class=\"elementor-button-content-wrapper\">\n\t\t\t\t\t\t\t\t\t<span class=\"elementor-button-text\">zur\u00fcck \u27f6<\/span>\n\t\t\t\t\t<\/span>\n\t\t\t\t\t<\/a>\n\t\t\t\t<\/div>\n\t\t\t\t\t\t\t\t<\/div>\n\t\t\t\t<\/div>\n\t\t\t\t\t<\/div>\n\t\t\t\t<\/div>\n\t\t\t\t<\/div>","protected":false},"excerpt":{"rendered":"<p>Adatkezel\u00e9si t\u00e1jkoztat\u00f3 Lorem ipsum dolor sit amet, consectetur adipiscing elit, sed do eiusmod tempor incididunt ut labore et dolore magna aliqua. Ut enim ad minim veniam, quis nostrud exercitation ullamco laboris nisi ut aliquip ex ea commodo consequat. Duis aute irure dolor in reprehenderit in voluptate velit esse cillum dolore eu fugiat nulla pariatur. Excepteur [&hellip;]<\/p>\n","protected":false},"author":1,"featured_media":0,"parent":0,"menu_order":0,"comment_status":"closed","ping_status":"closed","template":"","meta":{"footnotes":""},"class_list":["post-540","page","type-page","status-publish","hentry"],"yoast_head":"<!-- This site is optimized with the Yoast SEO plugin v27.0 - https:\/\/yoast.com\/product\/yoast-seo-wordpress\/ -->\n<title>Adatkezel\u00e9si t\u00e1j\u00e9koztat\u00f3 Budapest - Magn\u00f3lia Apartmanok<\/title>\n<meta name=\"robots\" content=\"noindex, follow, max-snippet:-1, max-image-preview:large, max-video-preview:-1\" \/>\n<meta property=\"og:locale\" content=\"de_DE\" \/>\n<meta property=\"og:type\" content=\"article\" \/>\n<meta property=\"og:title\" content=\"Adatkezel\u00e9si t\u00e1j\u00e9koztat\u00f3 Budapest - Magn\u00f3lia Apartmanok\" \/>\n<meta property=\"og:description\" content=\"Adatkezel\u00e9si t\u00e1jkoztat\u00f3 Lorem ipsum dolor sit amet, consectetur adipiscing elit, sed do eiusmod tempor incididunt ut labore et dolore magna aliqua. Ut enim ad minim veniam, quis nostrud exercitation ullamco laboris nisi ut aliquip ex ea commodo consequat. Duis aute irure dolor in reprehenderit in voluptate velit esse cillum dolore eu fugiat nulla pariatur. Excepteur [&hellip;]\" \/>\n<meta property=\"og:url\" content=\"https:\/\/teszt.magnoliaapartmanok.hu\/de\/adatkezelesi-tajekoztato-budapest\/\" \/>\n<meta property=\"og:site_name\" content=\"Magn\u00f3lia Apartmanok\" \/>\n<meta property=\"article:modified_time\" content=\"2026-02-09T13:00:23+00:00\" \/>\n<meta name=\"twitter:card\" content=\"summary_large_image\" \/>\n<meta name=\"twitter:label1\" content=\"Gesch\u00e4tzte Lesezeit\" \/>\n\t<meta name=\"twitter:data1\" content=\"1\u00a0Minute\" \/>\n<script type=\"application\/ld+json\" class=\"yoast-schema-graph\">{\"@context\":\"https:\/\/schema.org\",\"@graph\":[{\"@type\":\"WebPage\",\"@id\":\"https:\/\/teszt.magnoliaapartmanok.hu\/adatkezelesi-tajekoztato-budapest\/\",\"url\":\"https:\/\/teszt.magnoliaapartmanok.hu\/adatkezelesi-tajekoztato-budapest\/\",\"name\":\"Adatkezel\u00e9si t\u00e1j\u00e9koztat\u00f3 Budapest - Magn\u00f3lia Apartmanok\",\"isPartOf\":{\"@id\":\"https:\/\/teszt.magnoliaapartmanok.hu\/#website\"},\"datePublished\":\"2026-02-09T09:31:57+00:00\",\"dateModified\":\"2026-02-09T13:00:23+00:00\",\"breadcrumb\":{\"@id\":\"https:\/\/teszt.magnoliaapartmanok.hu\/adatkezelesi-tajekoztato-budapest\/#breadcrumb\"},\"inLanguage\":\"de\",\"potentialAction\":[{\"@type\":\"ReadAction\",\"target\":[\"https:\/\/teszt.magnoliaapartmanok.hu\/adatkezelesi-tajekoztato-budapest\/\"]}]},{\"@type\":\"BreadcrumbList\",\"@id\":\"https:\/\/teszt.magnoliaapartmanok.hu\/adatkezelesi-tajekoztato-budapest\/#breadcrumb\",\"itemListElement\":[{\"@type\":\"ListItem\",\"position\":1,\"name\":\"Home\",\"item\":\"https:\/\/teszt.magnoliaapartmanok.hu\/\"},{\"@type\":\"ListItem\",\"position\":2,\"name\":\"Adatkezel\u00e9si t\u00e1j\u00e9koztat\u00f3 Budapest\"}]},{\"@type\":\"WebSite\",\"@id\":\"https:\/\/teszt.magnoliaapartmanok.hu\/#website\",\"url\":\"https:\/\/teszt.magnoliaapartmanok.hu\/\",\"name\":\"Magn\u00f3lia Apartmanok\",\"description\":\"Si&oacute;fok - Budapest\",\"publisher\":{\"@id\":\"https:\/\/teszt.magnoliaapartmanok.hu\/#organization\"},\"potentialAction\":[{\"@type\":\"SearchAction\",\"target\":{\"@type\":\"EntryPoint\",\"urlTemplate\":\"https:\/\/teszt.magnoliaapartmanok.hu\/?s={search_term_string}\"},\"query-input\":{\"@type\":\"PropertyValueSpecification\",\"valueRequired\":true,\"valueName\":\"search_term_string\"}}],\"inLanguage\":\"de\"},{\"@type\":\"Organization\",\"@id\":\"https:\/\/teszt.magnoliaapartmanok.hu\/#organization\",\"name\":\"Magn\u00f3lia Apartmanok\",\"url\":\"https:\/\/teszt.magnoliaapartmanok.hu\/\",\"logo\":{\"@type\":\"ImageObject\",\"inLanguage\":\"de\",\"@id\":\"https:\/\/teszt.magnoliaapartmanok.hu\/#\/schema\/logo\/image\/\",\"url\":\"https:\/\/teszt.magnoliaapartmanok.hu\/wp-content\/uploads\/2025\/05\/cropped-Magnolia-5.png\",\"contentUrl\":\"https:\/\/teszt.magnoliaapartmanok.hu\/wp-content\/uploads\/2025\/05\/cropped-Magnolia-5.png\",\"width\":1563,\"height\":886,\"caption\":\"Magn\u00f3lia Apartmanok\"},\"image\":{\"@id\":\"https:\/\/teszt.magnoliaapartmanok.hu\/#\/schema\/logo\/image\/\"}}]}<\/script>\n<!-- \/ Yoast SEO plugin. -->","yoast_head_json":{"title":"Adatkezel\u00e9si t\u00e1j\u00e9koztat\u00f3 Budapest - Magn\u00f3lia Apartmanok","robots":{"index":"noindex","follow":"follow","max-snippet":"max-snippet:-1","max-image-preview":"max-image-preview:large","max-video-preview":"max-video-preview:-1"},"og_locale":"de_DE","og_type":"article","og_title":"Adatkezel\u00e9si t\u00e1j\u00e9koztat\u00f3 Budapest - Magn\u00f3lia Apartmanok","og_description":"Adatkezel\u00e9si t\u00e1jkoztat\u00f3 Lorem ipsum dolor sit amet, consectetur adipiscing elit, sed do eiusmod tempor incididunt ut labore et dolore magna aliqua. Ut enim ad minim veniam, quis nostrud exercitation ullamco laboris nisi ut aliquip ex ea commodo consequat. Duis aute irure dolor in reprehenderit in voluptate velit esse cillum dolore eu fugiat nulla pariatur. Excepteur [&hellip;]","og_url":"https:\/\/teszt.magnoliaapartmanok.hu\/de\/adatkezelesi-tajekoztato-budapest\/","og_site_name":"Magn\u00f3lia Apartmanok","article_modified_time":"2026-02-09T13:00:23+00:00","twitter_card":"summary_large_image","twitter_misc":{"Gesch\u00e4tzte Lesezeit":"1\u00a0Minute"},"schema":{"@context":"https:\/\/schema.org","@graph":[{"@type":"WebPage","@id":"https:\/\/teszt.magnoliaapartmanok.hu\/adatkezelesi-tajekoztato-budapest\/","url":"https:\/\/teszt.magnoliaapartmanok.hu\/adatkezelesi-tajekoztato-budapest\/","name":"Adatkezel\u00e9si t\u00e1j\u00e9koztat\u00f3 Budapest - Magn\u00f3lia Apartmanok","isPartOf":{"@id":"https:\/\/teszt.magnoliaapartmanok.hu\/#website"},"datePublished":"2026-02-09T09:31:57+00:00","dateModified":"2026-02-09T13:00:23+00:00","breadcrumb":{"@id":"https:\/\/teszt.magnoliaapartmanok.hu\/adatkezelesi-tajekoztato-budapest\/#breadcrumb"},"inLanguage":"de","potentialAction":[{"@type":"ReadAction","target":["https:\/\/teszt.magnoliaapartmanok.hu\/adatkezelesi-tajekoztato-budapest\/"]}]},{"@type":"BreadcrumbList","@id":"https:\/\/teszt.magnoliaapartmanok.hu\/adatkezelesi-tajekoztato-budapest\/#breadcrumb","itemListElement":[{"@type":"ListItem","position":1,"name":"Home","item":"https:\/\/teszt.magnoliaapartmanok.hu\/"},{"@type":"ListItem","position":2,"name":"Adatkezel\u00e9si t\u00e1j\u00e9koztat\u00f3 Budapest"}]},{"@type":"WebSite","@id":"https:\/\/teszt.magnoliaapartmanok.hu\/#website","url":"https:\/\/teszt.magnoliaapartmanok.hu\/","name":"Magn\u00f3lia Apartmanok","description":"Si&oacute;fok - Budapest","publisher":{"@id":"https:\/\/teszt.magnoliaapartmanok.hu\/#organization"},"potentialAction":[{"@type":"SearchAction","target":{"@type":"EntryPoint","urlTemplate":"https:\/\/teszt.magnoliaapartmanok.hu\/?s={search_term_string}"},"query-input":{"@type":"PropertyValueSpecification","valueRequired":true,"valueName":"search_term_string"}}],"inLanguage":"de"},{"@type":"Organization","@id":"https:\/\/teszt.magnoliaapartmanok.hu\/#organization","name":"Magn\u00f3lia Apartmanok","url":"https:\/\/teszt.magnoliaapartmanok.hu\/","logo":{"@type":"ImageObject","inLanguage":"de","@id":"https:\/\/teszt.magnoliaapartmanok.hu\/#\/schema\/logo\/image\/","url":"https:\/\/teszt.magnoliaapartmanok.hu\/wp-content\/uploads\/2025\/05\/cropped-Magnolia-5.png","contentUrl":"https:\/\/teszt.magnoliaapartmanok.hu\/wp-content\/uploads\/2025\/05\/cropped-Magnolia-5.png","width":1563,"height":886,"caption":"Magn\u00f3lia Apartmanok"},"image":{"@id":"https:\/\/teszt.magnoliaapartmanok.hu\/#\/schema\/logo\/image\/"}}]}},"_links":{"self":[{"href":"https:\/\/teszt.magnoliaapartmanok.hu\/de\/wp-json\/wp\/v2\/pages\/540","targetHints":{"allow":["GET"]}}],"collection":[{"href":"https:\/\/teszt.magnoliaapartmanok.hu\/de\/wp-json\/wp\/v2\/pages"}],"about":[{"href":"https:\/\/teszt.magnoliaapartmanok.hu\/de\/wp-json\/wp\/v2\/types\/page"}],"author":[{"embeddable":true,"href":"https:\/\/teszt.magnoliaapartmanok.hu\/de\/wp-json\/wp\/v2\/users\/1"}],"replies":[{"embeddable":true,"href":"https:\/\/teszt.magnoliaapartmanok.hu\/de\/wp-json\/wp\/v2\/comments?post=540"}],"version-history":[{"count":0,"href":"https:\/\/teszt.magnoliaapartmanok.hu\/de\/wp-json\/wp\/v2\/pages\/540\/revisions"}],"wp:attachment":[{"href":"https:\/\/teszt.magnoliaapartmanok.hu\/de\/wp-json\/wp\/v2\/media?parent=540"}],"curies":[{"name":"wp","href":"https:\/\/api.w.org\/{rel}","templated":true}]}}